{"id":3057,"date":"2016-02-18T13:26:50","date_gmt":"2016-02-18T13:26:50","guid":{"rendered":"http:\/\/wellspring.mikado-themes.com\/?page_id=3057"},"modified":"2024-07-02T10:09:21","modified_gmt":"2024-07-02T08:09:21","slug":"contact-form","status":"publish","type":"page","link":"https:\/\/etrebien44.fr\/index.php\/contact-form\/","title":{"rendered":"Formulaire de Contact"},"content":{"rendered":"<div class=\"wpb-content-wrapper\"><p>[vc_row][vc_column][vc_column_text]<\/p>\n<h2>Nous contacter<\/h2>\n<p>[\/vc_column_text][vc_column_text]Contactez nous pour prendre rendez-vous[\/vc_column_text][\/vc_column][\/vc_row][vc_row css=\u00a0\u00bb.vc_custom_1455802294420{padding-top: 58px !important;padding-bottom: 56px !important;}\u00a0\u00bb][vc_column offset=\u00a0\u00bbvc_col-lg-7 vc_col-md-6&Prime;]\n<div class=\"wpcf7 no-js\" id=\"wpcf7-f6-o1\" lang=\"fr-FR\" dir=\"ltr\" data-wpcf7-id=\"6\">\n<div class=\"screen-reader-response\"><p role=\"status\" aria-live=\"polite\" aria-atomic=\"true\"><\/p> <ul><\/ul><\/div>\n<form action=\"\/index.php\/wp-json\/wp\/v2\/pages\/3057#wpcf7-f6-o1\" method=\"post\" class=\"wpcf7-form init cf7_custom_style_2\" aria-label=\"Formulaire de contact\" novalidate=\"novalidate\" data-status=\"init\">\n<fieldset class=\"hidden-fields-container\"><input type=\"hidden\" name=\"_wpcf7\" value=\"6\" \/><input type=\"hidden\" name=\"_wpcf7_version\" value=\"6.1.5\" \/><input type=\"hidden\" name=\"_wpcf7_locale\" value=\"fr_FR\" \/><input type=\"hidden\" name=\"_wpcf7_unit_tag\" value=\"wpcf7-f6-o1\" \/><input type=\"hidden\" name=\"_wpcf7_container_post\" value=\"0\" \/><input type=\"hidden\" name=\"_wpcf7_posted_data_hash\" value=\"\" \/>\n<\/fieldset>\n<p><label> Nom (requis)<br \/>\n<span class=\"wpcf7-form-control-wrap\" data-name=\"your-name\"><input size=\"40\" maxlength=\"400\" class=\"wpcf7-form-control wpcf7-text wpcf7-validates-as-required\" aria-required=\"true\" aria-invalid=\"false\" placeholder=\"Votre nom...\" value=\"\" type=\"text\" name=\"your-name\" \/><\/span> <\/label>\n<\/p>\n<p><label> T\u00e9l\u00e9phone (requis)<br \/>\n<span class=\"wpcf7-form-control-wrap\" data-name=\"your-phone\"><input size=\"40\" maxlength=\"400\" class=\"wpcf7-form-control wpcf7-text wpcf7-validates-as-required\" aria-required=\"true\" aria-invalid=\"false\" placeholder=\"Num\u00e9ro de t\u00e9l\u00e9phone...\" value=\"\" type=\"text\" name=\"your-phone\" \/><\/span> <\/label>\n<\/p>\n<p><label> Email (requis)<br \/>\n<span class=\"wpcf7-form-control-wrap\" data-name=\"your-email\"><input size=\"40\" maxlength=\"400\" class=\"wpcf7-form-control wpcf7-email wpcf7-validates-as-required wpcf7-text wpcf7-validates-as-email\" aria-required=\"true\" aria-invalid=\"false\" placeholder=\"Adresse e-mail\" value=\"\" type=\"email\" name=\"your-email\" \/><\/span> <\/label>\n<\/p>\n<p><label> Sujet (requis)<br \/>\n<span class=\"wpcf7-form-control-wrap\" data-name=\"your-subject\"><input size=\"40\" maxlength=\"400\" class=\"wpcf7-form-control wpcf7-text wpcf7-validates-as-required\" aria-required=\"true\" aria-invalid=\"false\" placeholder=\"Sujet de votre message\" value=\"\" type=\"text\" name=\"your-subject\" \/><\/span> <\/label>\n<\/p>\n<p><label> Message (requis)<br \/>\n<span class=\"wpcf7-form-control-wrap\" data-name=\"your-message\"><textarea cols=\"40\" rows=\"10\" maxlength=\"2000\" class=\"wpcf7-form-control wpcf7-textarea wpcf7-validates-as-required\" aria-required=\"true\" aria-invalid=\"false\" placeholder=\"Votre message...\" name=\"your-message\"><\/textarea><\/span> <\/label>\n<\/p>\n<p><input class=\"wpcf7-form-control wpcf7-submit has-spinner\" type=\"submit\" value=\"Envoyer\" \/>\n<\/p><div class=\"wpcf7-response-output\" aria-hidden=\"true\"><\/div>\n<\/form>\n<\/div>\n[vc_empty_space height=\u00a0\u00bb40&Prime;][\/vc_column][vc_column width=\u00a0\u00bb2\/3&Prime; offset=\u00a0\u00bbvc_col-lg-5 vc_col-md-6&Prime;][vc_column_text]<\/p>\n<h3>Informations de contact<\/h3>\n<p>[\/vc_column_text][vc_empty_space height=\u00a0\u00bb22&Prime;]<div  class=\"mkdf-icon-list-item mkdf-icon-list-item-default-font-family\">\n\t<div class=\"mkdf-icon-list-icon-holder\">\n        <div class=\"mkdf-icon-list-icon-holder-inner clearfix\">\n\t\t\t<i class=\"mkdf-icon-linear-icon lnr lnr-apartment \" style=\"color:#545454;font-size:18px\" ><\/i>\t\t<\/div>\n\t<\/div>\n\t<p class=\"mkdf-icon-list-text\" style=\"font-size:12px\" > 2 Saint F\u00e9lix - 44530 Saint-Gildas-des-Bois<\/p>\n<\/div><div  class=\"mkdf-icon-list-item mkdf-icon-list-item-default-font-family\">\n\t<div class=\"mkdf-icon-list-icon-holder\">\n        <div class=\"mkdf-icon-list-icon-holder-inner clearfix\">\n\t\t\t<i class=\"mkdf-icon-linear-icon lnr lnr-bubble \" style=\"color:#545454;font-size:18px\" ><\/i>\t\t<\/div>\n\t<\/div>\n\t<p class=\"mkdf-icon-list-text\" style=\"font-size:12px\" > elhagar.chiro@gmail.com<\/p>\n<\/div><div  class=\"mkdf-icon-list-item mkdf-icon-list-item-default-font-family\">\n\t<div class=\"mkdf-icon-list-icon-holder\">\n        <div class=\"mkdf-icon-list-icon-holder-inner clearfix\">\n\t\t\t<i class=\"mkdf-icon-linear-icon lnr lnr-phone-handset \" style=\"color:#545454;font-size:18px\" ><\/i>\t\t<\/div>\n\t<\/div>\n\t<p class=\"mkdf-icon-list-text\" style=\"font-size:12px\" > 07 66 84 44 05<\/p>\n<\/div>[vc_empty_space height=\u00a0\u00bb20&Prime;]\n    <span class=\"mkdf-icon-shortcode circle\" style=\"margin: 0 6px 0 0;width: 27px;height: 27px;line-height: 27px;background-color: #3b5998;border-style: solid;border-width: 0px\" data-hover-background-color=\"#3b5998\" data-hover-color=\"#ffffff\" data-color=\"#ffffff\">\n                    <a href=\"https:\/\/www.facebook.com\/Cabinet-Chiropratique-77-Maison-Sant%C3%A9-et-Equilibre-1490598074585839\/\" target=\"_blank\">\n        \n        <span aria-hidden=\"true\" class=\"mkdf-icon-font-elegant social_facebook mkdf-icon-element\" style=\"color: #ffffff;font-size:11px\" ><\/span>\n                    <\/a>\n            <\/span>\n\n\n    <span class=\"mkdf-icon-shortcode circle\" style=\"margin: 0 0 0 0;width: 27px;height: 27px;line-height: 27px;background-color: #dd4b39;border-style: solid;border-width: 0px\" data-hover-background-color=\"#dd4b39\" data-hover-color=\"#ffffff\" data-color=\"#ffffff\">\n                    <a href=\"https:\/\/plus.google.com\/u\/0\/b\/118331746349843295516\/118331746349843295516\/posts\" target=\"_blank\">\n        \n        <span aria-hidden=\"true\" class=\"mkdf-icon-font-elegant social_googleplus mkdf-icon-element\" style=\"color: #ffffff;font-size:11px\" ><\/span>\n                    <\/a>\n            <\/span>\n\n[\/vc_column][\/vc_row]<\/p>\n<\/div>","protected":false},"excerpt":{"rendered":"<p>[vc_row][vc_column][vc_column_text] Nous contacter [\/vc_column_text][vc_column_text]Contactez nous pour prendre rendez-vous[\/vc_column_text][\/vc_column][\/vc_row][vc_row css=\u00a0\u00bb.vc_custom_1455802294420{padding-top: 58px !important;padding-bottom: 56px !important;}\u00a0\u00bb][vc_column offset=\u00a0\u00bbvc_col-lg-7 vc_col-md-6&Prime;][vc_empty_space height=\u00a0\u00bb40&Prime;][\/vc_column][vc_column width=\u00a0\u00bb2\/3&Prime; offset=\u00a0\u00bbvc_col-lg-5 vc_col-md-6&Prime;][vc_column_text] Informations de contact [\/vc_column_text][vc_empty_space height=\u00a0\u00bb22&Prime;][vc_empty_space height=\u00a0\u00bb20&Prime;][\/vc_column][\/vc_row]<\/p>\n","protected":false},"author":1,"featured_media":0,"parent":0,"menu_order":0,"comment_status":"closed","ping_status":"closed","template":"","meta":{"footnotes":""},"class_list":["post-3057","page","type-page","status-publish","hentry"],"_links":{"self":[{"href":"https:\/\/etrebien44.fr\/index.php\/wp-json\/wp\/v2\/pages\/3057","targetHints":{"allow":["GET"]}}],"collection":[{"href":"https:\/\/etrebien44.fr\/index.php\/wp-json\/wp\/v2\/pages"}],"about":[{"href":"https:\/\/etrebien44.fr\/index.php\/wp-json\/wp\/v2\/types\/page"}],"author":[{"embeddable":true,"href":"https:\/\/etrebien44.fr\/index.php\/wp-json\/wp\/v2\/users\/1"}],"replies":[{"embeddable":true,"href":"https:\/\/etrebien44.fr\/index.php\/wp-json\/wp\/v2\/comments?post=3057"}],"version-history":[{"count":23,"href":"https:\/\/etrebien44.fr\/index.php\/wp-json\/wp\/v2\/pages\/3057\/revisions"}],"predecessor-version":[{"id":4853,"href":"https:\/\/etrebien44.fr\/index.php\/wp-json\/wp\/v2\/pages\/3057\/revisions\/4853"}],"wp:attachment":[{"href":"https:\/\/etrebien44.fr\/index.php\/wp-json\/wp\/v2\/media?parent=3057"}],"curies":[{"name":"wp","href":"https:\/\/api.w.org\/{rel}","templated":true}]}}