{"id":3665,"date":"2019-01-06T12:55:12","date_gmt":"2019-01-06T11:55:12","guid":{"rendered":"http:\/\/etrebien44.fr\/?page_id=3665"},"modified":"2019-07-22T12:13:28","modified_gmt":"2019-07-22T10:13:28","slug":"la-chiropraxie-presentation","status":"publish","type":"page","link":"https:\/\/etrebien44.fr\/index.php\/chiropraxie\/la-chiropraxie-presentation\/","title":{"rendered":"Qu&rsquo;est ce que la chiropraxie ?"},"content":{"rendered":"<div class=\"wpb-content-wrapper\"><p>[vc_row][vc_column][vc_empty_space height=\u00a0\u00bb64px\u00a0\u00bb][\/vc_column][\/vc_row][vc_row content_width=\u00a0\u00bbgrid\u00a0\u00bb][vc_column width=\u00a0\u00bb1\/2&Prime;]<div class=\"mkdf-image-gallery\">\n\t<div class=\"mkdf-image-gallery-slider\" data-autoplay=\"3\" data-animation=\"slide\" data-navigation=\"yes\" data-pagination=\"no\">\n\t\t\t\t\t\t\t\t\t<img loading=\"lazy\" decoding=\"async\" width=\"850\" height=\"788\" src=\"https:\/\/etrebien44.fr\/wp-content\/uploads\/2019\/01\/prez-slider-1.png\" class=\"attachment-full size-full\" alt=\"\" srcset=\"https:\/\/etrebien44.fr\/wp-content\/uploads\/2019\/01\/prez-slider-1.png 850w, https:\/\/etrebien44.fr\/wp-content\/uploads\/2019\/01\/prez-slider-1-300x278.png 300w, https:\/\/etrebien44.fr\/wp-content\/uploads\/2019\/01\/prez-slider-1-768x712.png 768w\" sizes=\"auto, (max-width: 850px) 100vw, 850px\" \/>\t\t\t\t\t\t\t\t\t\t\t\t\t<img loading=\"lazy\" decoding=\"async\" width=\"1280\" height=\"960\" src=\"https:\/\/etrebien44.fr\/wp-content\/uploads\/2019\/01\/prez-slider-2.jpeg\" class=\"attachment-full size-full\" alt=\"\" srcset=\"https:\/\/etrebien44.fr\/wp-content\/uploads\/2019\/01\/prez-slider-2.jpeg 1280w, https:\/\/etrebien44.fr\/wp-content\/uploads\/2019\/01\/prez-slider-2-300x225.jpeg 300w, https:\/\/etrebien44.fr\/wp-content\/uploads\/2019\/01\/prez-slider-2-768x576.jpeg 768w, https:\/\/etrebien44.fr\/wp-content\/uploads\/2019\/01\/prez-slider-2-1024x768.jpeg 1024w, https:\/\/etrebien44.fr\/wp-content\/uploads\/2019\/01\/prez-slider-2-800x600.jpeg 800w\" sizes=\"auto, (max-width: 1280px) 100vw, 1280px\" \/>\t\t\t\t\t\t\t\t\t\t\t\t\t<img loading=\"lazy\" decoding=\"async\" width=\"850\" height=\"850\" src=\"https:\/\/etrebien44.fr\/wp-content\/uploads\/2019\/01\/prez-slider-3.jpeg\" class=\"attachment-full size-full\" alt=\"\" srcset=\"https:\/\/etrebien44.fr\/wp-content\/uploads\/2019\/01\/prez-slider-3.jpeg 850w, https:\/\/etrebien44.fr\/wp-content\/uploads\/2019\/01\/prez-slider-3-150x150.jpeg 150w, https:\/\/etrebien44.fr\/wp-content\/uploads\/2019\/01\/prez-slider-3-300x300.jpeg 300w, https:\/\/etrebien44.fr\/wp-content\/uploads\/2019\/01\/prez-slider-3-768x768.jpeg 768w, https:\/\/etrebien44.fr\/wp-content\/uploads\/2019\/01\/prez-slider-3-550x550.jpeg 550w\" sizes=\"auto, (max-width: 850px) 100vw, 850px\" \/>\t\t\t\t\t\t\t<\/div>\n<\/div>\n[vc_empty_space][\/vc_column][vc_column width=\u00a0\u00bb1\/2&Prime;][vc_column_text]<strong>La chiropraxie<\/strong>\u00a0est une th\u00e9rapie manuelle qui consiste \u00e0\u00a0<strong>d\u00e9tecter, corriger puis pr\u00e9venir les troubles de la colonne vert\u00e9brale et ses cons\u00e9quences sur la sant\u00e9.<\/strong><\/p>\n<ul>\n<li>La chiropraxie utilise des m\u00e9thodes th\u00e9rapeutiques\u00a0<strong>non-m\u00e9dicamenteuses et conservatrices<\/strong>. Elle repose principalement sur des actes de manipulation vert\u00e9brale (appel\u00e9\u00a0<strong>ajustement chiropratique<\/strong>) et de mobilisation des articulations du corps.<\/li>\n<\/ul>\n<p>&nbsp;<\/p>\n<ul>\n<li>Le traitement chiropratique\u00a0aussi appel\u00e9 \u00ab ajustement \u00bb est\u00a0<strong>adapt\u00e9 \u00e0 chaque patient\u00a0<\/strong>et varie selon les techniques.\u00a0L\u2019ajustement chiropratique est une stimulation adapt\u00e9 et compl\u00e9tement<strong>\u00a0indolore<\/strong>\u00a0pour\u00a0<strong>corriger les blocages articulaire qui emp\u00eache l\u2019information nerveuse de circuler correctement.<\/strong><\/li>\n<\/ul>\n<p>&nbsp;<\/p>\n<ul>\n<li>C&rsquo;est une<strong>\u00a0m\u00e9decine manuelle\u00a0reconnue par le code de la sant\u00e9 publique<\/strong>\u00a0qui r\u00e9serve le titre de Chiropracteur aux professionnels justifiant d\u2019un dipl\u00f4me\u00a0<strong>agr\u00e9\u00e9 par le minist\u00e8re de la sant\u00e9.<\/strong><\/li>\n<\/ul>\n<p>[\/vc_column_text][vc_empty_space][vc_empty_space][\/vc_column][\/vc_row][vc_row][vc_column][vc_empty_space height=\u00a0\u00bb64px\u00a0\u00bb][\/vc_column][\/vc_row][vc_row content_width=\u00a0\u00bbgrid\u00a0\u00bb css=\u00a0\u00bb.vc_custom_1549277793693{background-color: #fafafa !important;}\u00a0\u00bb][vc_column width=\u00a0\u00bb1\/2&Prime;][vc_video link=\u00a0\u00bbhttps:\/\/youtu.be\/C6ALaopcSY8&Prime; title=\u00a0\u00bbLa Chiropraxie en image\u00a0\u00bb][\/vc_column][vc_column width=\u00a0\u00bb1\/2&Prime;][vc_video link=\u00a0\u00bbhttps:\/\/youtu.be\/SeYb1Kklqu0&Prime; title=\u00a0\u00bbLa Chiropraxie vue par un m\u00e9decin\u00a0\u00bb][\/vc_column][\/vc_row][vc_row][vc_column][vc_empty_space height=\u00a0\u00bb64px\u00a0\u00bb][\/vc_column][\/vc_row]<\/p>\n<\/div>","protected":false},"excerpt":{"rendered":"<p>[vc_row][vc_column][vc_empty_space height=\u00a0\u00bb64px\u00a0\u00bb][\/vc_column][\/vc_row][vc_row content_width=\u00a0\u00bbgrid\u00a0\u00bb][vc_column width=\u00a0\u00bb1\/2&Prime;][vc_empty_space][\/vc_column][vc_column width=\u00a0\u00bb1\/2&Prime;][vc_column_text]La chiropraxie\u00a0est une th\u00e9rapie manuelle qui consiste \u00e0\u00a0d\u00e9tecter, corriger puis pr\u00e9venir les troubles de la colonne vert\u00e9brale et ses cons\u00e9quences sur la sant\u00e9. La chiropraxie utilise des m\u00e9thodes&#8230;<\/p>\n","protected":false},"author":1,"featured_media":0,"parent":684,"menu_order":0,"comment_status":"closed","ping_status":"closed","template":"full-width.php","meta":{"footnotes":""},"class_list":["post-3665","page","type-page","status-publish","hentry"],"_links":{"self":[{"href":"https:\/\/etrebien44.fr\/index.php\/wp-json\/wp\/v2\/pages\/3665","targetHints":{"allow":["GET"]}}],"collection":[{"href":"https:\/\/etrebien44.fr\/index.php\/wp-json\/wp\/v2\/pages"}],"about":[{"href":"https:\/\/etrebien44.fr\/index.php\/wp-json\/wp\/v2\/types\/page"}],"author":[{"embeddable":true,"href":"https:\/\/etrebien44.fr\/index.php\/wp-json\/wp\/v2\/users\/1"}],"replies":[{"embeddable":true,"href":"https:\/\/etrebien44.fr\/index.php\/wp-json\/wp\/v2\/comments?post=3665"}],"version-history":[{"count":36,"href":"https:\/\/etrebien44.fr\/index.php\/wp-json\/wp\/v2\/pages\/3665\/revisions"}],"predecessor-version":[{"id":4672,"href":"https:\/\/etrebien44.fr\/index.php\/wp-json\/wp\/v2\/pages\/3665\/revisions\/4672"}],"up":[{"embeddable":true,"href":"https:\/\/etrebien44.fr\/index.php\/wp-json\/wp\/v2\/pages\/684"}],"wp:attachment":[{"href":"https:\/\/etrebien44.fr\/index.php\/wp-json\/wp\/v2\/media?parent=3665"}],"curies":[{"name":"wp","href":"https:\/\/api.w.org\/{rel}","templated":true}]}}