{"id":3725,"date":"2019-01-22T18:28:10","date_gmt":"2019-01-22T17:28:10","guid":{"rendered":"http:\/\/etrebien44.fr\/?page_id=3725"},"modified":"2019-07-22T12:11:18","modified_gmt":"2019-07-22T10:11:18","slug":"quand-faire-appel-a-la-chiropraxie","status":"publish","type":"page","link":"https:\/\/etrebien44.fr\/index.php\/chiropraxie\/quand-faire-appel-a-la-chiropraxie\/","title":{"rendered":"Quand faire appel \u00e0 la chiropraxie ?"},"content":{"rendered":"<div class=\"wpb-content-wrapper\"><p>[vc_row content_width=\u00a0\u00bbgrid\u00a0\u00bb content_aligment=\u00a0\u00bbcenter\u00a0\u00bb][vc_column][vc_empty_space][vc_column_text]Le\u00a0<strong>syst\u00e8me nerveux<\/strong>\u00a0est ce que nous avons de plus pr\u00e9cieux. Extr\u00eamement complexe il est aussi tr\u00e8s\u00a0<strong>fragile<\/strong>. C&rsquo;est pourquoi il est prot\u00e9g\u00e9 par une armure osseuse: le cerveau est prot\u00e9g\u00e9 par le cr\u00e2ne et la moelle \u00e9pini\u00e8re par les<strong>\u00a024 vert\u00e8bres<\/strong>\u00a0mobiles de la colonne vert\u00e9brale. Sa mobilit\u00e9 peut \u00eatre compromise et provoquer alors une interf\u00e9rence nerveuse qui emp\u00eache la communication entre le cerveau et le reste du corps, et impliquer des sympt\u00f4mes non d\u00e9sir\u00e9s.<\/p>\n<p><strong>C&rsquo;est l\u00e0 que la chiropraxie prend tout son sens.<\/strong>[\/vc_column_text][vc_empty_space][\/vc_column][\/vc_row][vc_row content_width=\u00a0\u00bbgrid\u00a0\u00bb css=\u00a0\u00bb.vc_custom_1549278318972{border-top-width: 1px !important;border-right-width: 0px !important;border-bottom-width: 1px !important;border-left-width: 0px !important;padding-top: 70px !important;padding-bottom: 80px !important;border-left-color: #f2f2f2 !important;border-left-style: solid !important;border-right-color: #f2f2f2 !important;border-right-style: solid !important;border-top-color: #f2f2f2 !important;border-top-style: solid !important;border-bottom-color: #f2f2f2 !important;border-bottom-style: solid !important;}\u00a0\u00bb][vc_column width=\u00a0\u00bb1\/12&Prime; offset=\u00a0\u00bbvc_col-lg-6 vc_col-md-12&Prime;]<div class=\"mkdf-animations-holder mkdf-element-from-left\" data-animation=\"mkdf-element-from-left\">\n\t<div style=\"transition-delay: 200ms;-webkit-animation-delay: 200ms;animation-delay: 200ms;animation-duration: 700ms;-webkit-animation-duration: 700ms;-moz-animation-duration: 700ms\">\n\t\t[vc_single_image image=\u00a0\u00bb3751&Prime; img_size=\u00a0\u00bb300&#215;400&Prime; alignment=\u00a0\u00bbcenter\u00a0\u00bb]\t<\/div>\n\n<\/div>[vc_empty_space][\/vc_column][vc_column width=\u00a0\u00bb11\/12&Prime; offset=\u00a0\u00bbvc_col-lg-6 vc_col-md-12&Prime;]<div class=\"mkdf-section-title-holder\">\n\t<h2 class=\"mkdf-section-title mkdf-section-title-medium\" style=\"text-align: left\">\n\tLes douleurs vert\u00e9brales - Mal de dos<\/h2>\n<\/div>[vc_column_text]<strong>Cervicalgies : <\/strong>torticolis, arthrose cervicale, manque de mobilit\u00e9, coup du lapin, hernies discales&#8230;<\/p>\n<p><strong>Dorsalgies : <\/strong>douleurs entre les omoplates, n\u00e9vralgies intercostales, scoliose<\/p>\n<p><strong>Lombalgies : <\/strong>lumbagos, sciatiques, arthrose lombaire, canal lombaire \u00e9troit, hernies discales, pincement discal&#8230;<\/p>\n<p><strong>Pour plus d&rsquo;informations, n&rsquo;h\u00e9sitez pas \u00e0 contacter votre Chiropracteur !<br \/>\n<\/strong>[\/vc_column_text][\/vc_column][\/vc_row][vc_row content_width=\u00a0\u00bbgrid\u00a0\u00bb css=\u00a0\u00bb.vc_custom_1549278313653{border-top-width: 1px !important;border-right-width: 0px !important;border-bottom-width: 1px !important;border-left-width: 0px !important;padding-top: 70px !important;padding-bottom: 80px !important;background-color: #fafafa !important;border-left-color: #f2f2f2 !important;border-left-style: solid !important;border-right-color: #f2f2f2 !important;border-right-style: solid !important;border-top-color: #f2f2f2 !important;border-top-style: solid !important;border-bottom-color: #f2f2f2 !important;border-bottom-style: solid !important;}\u00a0\u00bb][vc_column width=\u00a0\u00bb1\/12&Prime; offset=\u00a0\u00bbvc_col-lg-6 vc_col-md-12&Prime;]<div class=\"mkdf-animations-holder mkdf-element-from-left\" data-animation=\"mkdf-element-from-left\">\n\t<div style=\"transition-delay: 200ms;-webkit-animation-delay: 200ms;animation-delay: 200ms;animation-duration: 700ms;-webkit-animation-duration: 700ms;-moz-animation-duration: 700ms\">\n\t\t[vc_single_image image=\u00a0\u00bb3750&Prime; img_size=\u00a0\u00bb300&#215;400&Prime; alignment=\u00a0\u00bbcenter\u00a0\u00bb]\t<\/div>\n\n<\/div>[vc_empty_space][\/vc_column][vc_column width=\u00a0\u00bb11\/12&Prime; offset=\u00a0\u00bbvc_col-lg-6 vc_col-md-12&Prime;]<div class=\"mkdf-section-title-holder\">\n\t<h2 class=\"mkdf-section-title mkdf-section-title-medium\" style=\"text-align: left\">\n\tDouleurs articulaires au niveau des extr\u00e9mit\u00e9s<\/h2>\n<\/div>[vc_column_text]<strong>Epaule\u00a0<\/strong>: tendinite \u00e9paule, \u00e9paule gel\u00e9e, capsulite r\u00e9tractile&#8230;<\/p>\n<p><strong>Coude\u00a0<\/strong>: \u00e9picondyllite, \u00e9pitrochl\u00e9ite, perte de force dans les mains&#8230;<\/p>\n<p><strong>Poignet\u00a0<\/strong>: syndrome canal carpien, arthrose&#8230;<\/p>\n<p><strong>Hanche\u00a0<\/strong>: tendinite fessier, arthrose de hanche&#8230;<\/p>\n<p><strong>Genou\u00a0<\/strong>: gonalgie, syndrome de l&rsquo;essuie glace, entorse du genou, arthrose de genou&#8230;<\/p>\n<p><strong>Cheville\u00a0<\/strong>: entorse, tendinite du talon d&rsquo;achille, boiterie&#8230;<\/p>\n<p><strong>Pour plus d&rsquo;informations, n&rsquo;h\u00e9sitez pas \u00e0 contacter votre Chiropracteur !<\/strong>[\/vc_column_text][\/vc_column][\/vc_row][vc_row content_width=\u00a0\u00bbgrid\u00a0\u00bb css=\u00a0\u00bb.vc_custom_1549278309693{border-top-width: 1px !important;border-right-width: 0px !important;border-bottom-width: 1px !important;border-left-width: 0px !important;padding-top: 70px !important;padding-bottom: 80px !important;border-left-color: #f2f2f2 !important;border-left-style: solid !important;border-right-color: #f2f2f2 !important;border-right-style: solid !important;border-top-color: #f2f2f2 !important;border-top-style: solid !important;border-bottom-color: #f2f2f2 !important;border-bottom-style: solid !important;}\u00a0\u00bb][vc_column width=\u00a0\u00bb1\/12&Prime; offset=\u00a0\u00bbvc_col-lg-6 vc_col-md-12&Prime;]<div class=\"mkdf-animations-holder mkdf-element-from-left\" data-animation=\"mkdf-element-from-left\">\n\t<div style=\"transition-delay: 200ms;-webkit-animation-delay: 200ms;animation-delay: 200ms;animation-duration: 700ms;-webkit-animation-duration: 700ms;-moz-animation-duration: 700ms\">\n\t\t[vc_single_image image=\u00a0\u00bb3745&Prime; img_size=\u00a0\u00bb300&#215;400&Prime; alignment=\u00a0\u00bbcenter\u00a0\u00bb]\t<\/div>\n\n<\/div>[vc_empty_space][\/vc_column][vc_column width=\u00a0\u00bb11\/12&Prime; offset=\u00a0\u00bbvc_col-lg-6 vc_col-md-12&Prime;]<div class=\"mkdf-section-title-holder\">\n\t<h2 class=\"mkdf-section-title mkdf-section-title-medium\" style=\"text-align: left\">\n\tLa pr\u00e9vention pour tous<\/h2>\n<\/div>[vc_column_text]En plus d\u2019\u00eatre\u00a0<strong>th\u00e9rapeutiques<\/strong>\u00a0et\u00a0<strong>naturels<\/strong>, les soins chiropratiques sont\u00a0<strong>pr\u00e9ventifs<\/strong>. Ils permettent d\u2019entretenir le bon fonctionnement du syst\u00e8me nerveux, chose primordiale pour maintenir une sant\u00e9 optimale. La capacit\u00e9 de r\u00e9sistance et d\u2019adaptation de votre corps aux stress quotidiens professionnels et familiaux sera augment\u00e9e. Le tout gr\u00e2ce \u00e0 des\u00a0<strong>ajustements<\/strong>\u00a0r\u00e9guliers (3-4 s\u00e9ances par an) et \u00e0 des conseils concernant votre posture et votre hygi\u00e8ne de vie!<\/p>\n<p>Ces\u00a0<strong>ajustements<\/strong>, sont des\u00a0<strong>gestes doux<\/strong>,\u00a0<strong>pr\u00e9cis<\/strong>\u00a0et\u00a0<strong>non douloureux<\/strong>. Ils sont cibl\u00e9s sur un segment vert\u00e9bral, une articulation, ou un tissu mou (muscle, tendon \u2026).<\/p>\n<p>Ils ont pour objectifs de :<\/p>\n<ul>\n<li><strong>Lib\u00e9rer les tensions<\/strong><\/li>\n<li><strong>Stimuler le syst\u00e8me nerveux<\/strong><\/li>\n<li><strong>R\u00e9tablir un \u00e9quilibre optimal<\/strong><\/li>\n<li><strong>Redonner aux articulations leur mobilit\u00e9<\/strong><\/li>\n<\/ul>\n<p>[\/vc_column_text][\/vc_column][\/vc_row][vc_row content_width=\u00a0\u00bbgrid\u00a0\u00bb css=\u00a0\u00bb.vc_custom_1549278325197{border-top-width: 1px !important;border-right-width: 0px !important;border-bottom-width: 1px !important;border-left-width: 0px !important;padding-top: 70px !important;padding-bottom: 80px !important;background-color: #fafafa !important;border-left-color: #f2f2f2 !important;border-left-style: solid !important;border-right-color: #f2f2f2 !important;border-right-style: solid !important;border-top-color: #f2f2f2 !important;border-top-style: solid !important;border-bottom-color: #f2f2f2 !important;border-bottom-style: solid !important;}\u00a0\u00bb][vc_column width=\u00a0\u00bb1\/12&Prime; offset=\u00a0\u00bbvc_col-lg-6 vc_col-md-12&Prime;]<div class=\"mkdf-animations-holder mkdf-element-from-left\" data-animation=\"mkdf-element-from-left\">\n\t<div style=\"transition-delay: 200ms;-webkit-animation-delay: 200ms;animation-delay: 200ms;animation-duration: 700ms;-webkit-animation-duration: 700ms;-moz-animation-duration: 700ms\">\n\t\t[vc_single_image image=\u00a0\u00bb3752&Prime; img_size=\u00a0\u00bb300&#215;400&Prime; alignment=\u00a0\u00bbcenter\u00a0\u00bb]\t<\/div>\n\n<\/div>[vc_empty_space][\/vc_column][vc_column width=\u00a0\u00bb11\/12&Prime; offset=\u00a0\u00bbvc_col-lg-6 vc_col-md-12&Prime;]<div class=\"mkdf-section-title-holder\">\n\t<h2 class=\"mkdf-section-title mkdf-section-title-medium\" style=\"text-align: left\">\n\tStress - Douleurs globales<\/h2>\n<\/div>[vc_column_text]<strong>La chiropraxie<\/strong>\u00a0agit aussi sur certaines\u00a0<strong>pathologies li\u00e9es au stress<\/strong>\u00a0comme l\u2019anxi\u00e9t\u00e9,\u00a0<strong>les troubles du sommeil<\/strong>,<strong>\u00a0les maux de t\u00eate, l\u2019ecz\u00e9ma, les migraines, les c\u00e9phal\u00e9es de tension&#8230;<\/strong><\/p>\n<p>Elle permet \u00e9galement un\u00a0<strong>soulagement en cas de fibromyalgie, syndr\u00f4me pr\u00e9menstruel, r\u00e8gles douloureuses, certaines maladies auto-immunes<\/strong>\u00a0( spondylarthrite ankylosante, le rhumatisme articulaire aigue, etc.)[\/vc_column_text][\/vc_column][\/vc_row]<\/p>\n<\/div>","protected":false},"excerpt":{"rendered":"<p>[vc_row content_width=\u00a0\u00bbgrid\u00a0\u00bb content_aligment=\u00a0\u00bbcenter\u00a0\u00bb][vc_column][vc_empty_space][vc_column_text]Le\u00a0syst\u00e8me nerveux\u00a0est ce que nous avons de plus pr\u00e9cieux. Extr\u00eamement complexe il est aussi tr\u00e8s\u00a0fragile. C&rsquo;est pourquoi il est prot\u00e9g\u00e9 par une armure osseuse: le cerveau est prot\u00e9g\u00e9 par le&#8230;<\/p>\n","protected":false},"author":1,"featured_media":0,"parent":684,"menu_order":0,"comment_status":"closed","ping_status":"closed","template":"full-width.php","meta":{"footnotes":""},"class_list":["post-3725","page","type-page","status-publish","hentry"],"_links":{"self":[{"href":"https:\/\/etrebien44.fr\/index.php\/wp-json\/wp\/v2\/pages\/3725","targetHints":{"allow":["GET"]}}],"collection":[{"href":"https:\/\/etrebien44.fr\/index.php\/wp-json\/wp\/v2\/pages"}],"about":[{"href":"https:\/\/etrebien44.fr\/index.php\/wp-json\/wp\/v2\/types\/page"}],"author":[{"embeddable":true,"href":"https:\/\/etrebien44.fr\/index.php\/wp-json\/wp\/v2\/users\/1"}],"replies":[{"embeddable":true,"href":"https:\/\/etrebien44.fr\/index.php\/wp-json\/wp\/v2\/comments?post=3725"}],"version-history":[{"count":32,"href":"https:\/\/etrebien44.fr\/index.php\/wp-json\/wp\/v2\/pages\/3725\/revisions"}],"predecessor-version":[{"id":4670,"href":"https:\/\/etrebien44.fr\/index.php\/wp-json\/wp\/v2\/pages\/3725\/revisions\/4670"}],"up":[{"embeddable":true,"href":"https:\/\/etrebien44.fr\/index.php\/wp-json\/wp\/v2\/pages\/684"}],"wp:attachment":[{"href":"https:\/\/etrebien44.fr\/index.php\/wp-json\/wp\/v2\/media?parent=3725"}],"curies":[{"name":"wp","href":"https:\/\/api.w.org\/{rel}","templated":true}]}}