{"id":3762,"date":"2019-01-22T19:24:15","date_gmt":"2019-01-22T18:24:15","guid":{"rendered":"http:\/\/etrebien44.fr\/?page_id=3762"},"modified":"2019-02-04T12:41:37","modified_gmt":"2019-02-04T11:41:37","slug":"quelles-differences-entre-la-chiropraxie-et-losteopathie","status":"publish","type":"page","link":"https:\/\/etrebien44.fr\/index.php\/chiropraxie\/quelles-differences-entre-la-chiropraxie-et-losteopathie\/","title":{"rendered":"Quelles diff\u00e9rences entre la chiropraxie et l&rsquo;ost\u00e9opathie ?"},"content":{"rendered":"<div class=\"wpb-content-wrapper\"><p>[vc_row content_width=\u00a0\u00bbgrid\u00a0\u00bb][vc_column width=\u00a0\u00bb1\/2&Prime;]<div class=\"mkdf-animations-holder mkdf-element-from-fade\" data-animation=\"mkdf-element-from-fade\">\n\t<div style=\"animation-duration: 700ms;-webkit-animation-duration: 700ms;-moz-animation-duration: 700ms\">\n\t\t[vc_single_image image=\u00a0\u00bb3799&Prime; img_size=\u00a0\u00bblarge\u00a0\u00bb]\t<\/div>\n\n<\/div>[\/vc_column][vc_column width=\u00a0\u00bb1\/2&Prime;][vc_empty_space height=\u00a0\u00bb48&Prime;]<div class=\"mkdf-section-title-holder\">\n\t<h2 class=\"mkdf-section-title\" >\n\tLa formation<\/h2>\n<\/div>[vc_column_text]Le dipl\u00f4me de Chiropracteur est d\u00e9livr\u00e9 aux \u00e9tudiants ayant suivi un cursus de<strong>\u00a06 ann\u00e9es \u00e0 temps plein<\/strong>, bas\u00e9 sur les\u00a0<strong>standards \u00e9ducatifs internationaux<\/strong>.<\/p>\n<p>La chiropraxie est une des rares professions de la sant\u00e9, pour laquelle la<strong>\u00a0formation est standardis\u00e9e<\/strong>\u00a0sur le plan international, une fa\u00e7on de s&rsquo;assurer de la qualit\u00e9 de l&rsquo;enseignement.<\/p>\n<p>Aujourd\u2019hui, il existe plus de 15000 ost\u00e9opathes \u00e0 la\u00a0<strong>formation tr\u00e8s h\u00e9t\u00e9rog\u00e8ne<\/strong>. Le patient devra v\u00e9rifier le contenu de la formation, le dipl\u00f4me et le nombre d\u2019ann\u00e9es d\u2019\u00e9tudes de l\u2019ost\u00e9opathe avant de consulter.[\/vc_column_text][vc_empty_space][\/vc_column][\/vc_row][vc_row content_width=\u00a0\u00bbgrid\u00a0\u00bb css=\u00a0\u00bb.vc_custom_1548182497484{background-color: #fafafa !important;}\u00a0\u00bb][vc_column width=\u00a0\u00bb1\/2&Prime;][vc_empty_space]<div class=\"mkdf-section-title-holder\">\n\t<h2 class=\"mkdf-section-title\" >\n\tLa philosophie<\/h2>\n<\/div>[vc_column_text]<strong>Le chiropracteur<\/strong>\u00a0pr\u00eate une attention particuli\u00e8re \u00e0\u00a0<strong>l\u2019\u00e9tat de sant\u00e9 de la colonne vert\u00e9brale\u00a0<\/strong>et aux cons\u00e9quences qui y sont li\u00e9es. Il prend en charge les<strong>\u00a0troubles neuro-musculo-squelettiques de l&rsquo;appareil locomoteur<\/strong>\u00a0en mettant l\u2019accent sur le bon fonctionnement de<strong>\u00a0l\u2019influx nerveux.<\/strong><\/p>\n<p>Le chiropracteur propose des<strong>\u00a0soins de maintient et de pr\u00e9vention<\/strong>. L\u2019objectif \u00e9tant de permettre \u00e0 votre corps, syst\u00e8me nerveux et colonne vert\u00e9brale de\u00a0fonctionner \u00e0 leur potentiel maximum\u00a0pour<strong>\u00a0faire face le mieux possible au stress quotidien, qu\u2019il soit physique, chimique ou \u00e9motionnel.<\/strong><\/p>\n<p><strong>L\u2019ost\u00e9opathe<\/strong>, selon les \u00e9coles, met l\u2019accent sur le\u00a0bon mouvement des tissus du corps et sur leur impact sur la circulation sanguine. Il a aussi pour objectif de r\u00e9tablir\u00a0l\u2019harmonie du corps\u00a0dans sa globalit\u00e9.[\/vc_column_text][vc_empty_space][\/vc_column][vc_column width=\u00a0\u00bb1\/2&Prime;][vc_empty_space height=\u00a0\u00bb64&Prime;]<div class=\"mkdf-animations-holder mkdf-element-from-fade\" data-animation=\"mkdf-element-from-fade\">\n\t<div style=\"animation-duration: 700ms;-webkit-animation-duration: 700ms;-moz-animation-duration: 700ms\">\n\t\t[vc_single_image image=\u00a0\u00bb3808&Prime; img_size=\u00a0\u00bblarge\u00a0\u00bb]\t<\/div>\n\n<\/div>[\/vc_column][\/vc_row][vc_row content_width=\u00a0\u00bbgrid\u00a0\u00bb][vc_column width=\u00a0\u00bb1\/2&Prime;][vc_empty_space height=\u00a0\u00bb64&Prime;]<div class=\"mkdf-animations-holder mkdf-element-from-fade\" data-animation=\"mkdf-element-from-fade\">\n\t<div style=\"animation-duration: 700ms;-webkit-animation-duration: 700ms;-moz-animation-duration: 700ms\">\n\t\t[vc_single_image image=\u00a0\u00bb3812&Prime; img_size=\u00a0\u00bblarge\u00a0\u00bb]\t<\/div>\n\n<\/div>[\/vc_column][vc_column width=\u00a0\u00bb1\/2&Prime;][vc_empty_space]<div class=\"mkdf-section-title-holder\">\n\t<h2 class=\"mkdf-section-title\" >\n\tLa l\u00e9gislation<\/h2>\n<\/div>[vc_column_text]<\/p>\n<ul>\n<li><strong>Les chiropracteurs<\/strong>\u00a0ont les\u00a0comp\u00e9tences requises et ont le droit de manipuler les cervicales sans certificat m\u00e9dical. Extrait du d\u00e9cret n\u00b0 2011-32 du 7 janvier 2011 relatif aux actes et aux conditions d&rsquo;exercice de la chiropraxie\u00a0: \u00ab\u00a0Les actes de manipulation du rachis cervical sont r\u00e9alis\u00e9s, par le praticien justifiant d&rsquo;un titre de chiropracteur\u00a0\u00bb. \u00ab\u00a0Apr\u00e8s un diagnostic \u00e9tabli par un m\u00e9decin attestant l&rsquo;absence de contre-indication m\u00e9dicale \u00e0 la chiropraxie, le praticien justifiant d&rsquo;un titre de chiropracteur est habilit\u00e9 \u00e0 effectuer les manipulations du cr\u00e2ne, de la face et du rachis chez le nourrisson de moins de six mois.\u00a0\u00bb<\/li>\n<\/ul>\n<p>&nbsp;<\/p>\n<ul>\n<li><strong>Les ost\u00e9opathes<\/strong>\u00a0ont besoin obligatoirement d\u2019un certificat\u00a0d\u00e9livr\u00e9 par le m\u00e9decin pour toute manipulation cervicale. Extrait de d\u00e9cret n\u00b0 2007-435 du 25 mars 2007 relatif aux actes et aux conditions d&rsquo;exercice de l&rsquo;ost\u00e9opathie\u00a0:<\/li>\n<\/ul>\n<p>\u00ab\u00a0Apr\u00e8s un diagnostic \u00e9tabli par un m\u00e9decin attestant l&rsquo;absence de contre-indication m\u00e9dicale \u00e0 l&rsquo;ost\u00e9opathie, le praticien justifiant d&rsquo;un titre d&rsquo;ost\u00e9opathe est habilit\u00e9 \u00e0 effectuer les actes suivants : manipulations du cr\u00e2ne, de la face et du rachis chez le nourrisson de moins de six mois et manipulations du rachis cervical.\u00a0\u00bb[\/vc_column_text][vc_empty_space][\/vc_column][\/vc_row][vc_row content_width=\u00a0\u00bbgrid\u00a0\u00bb css=\u00a0\u00bb.vc_custom_1548182612022{background-color: #fafafa !important;}\u00a0\u00bb][vc_column][vc_empty_space]<div class=\"mkdf-section-title-holder\">\n\t<h2 class=\"mkdf-section-title\" >\n\tActes autoris\u00e9s<\/h2>\n<\/div>[vc_single_image image=\u00a0\u00bb3768&Prime; img_size=\u00a0\u00bbfull\u00a0\u00bb alignment=\u00a0\u00bbcenter\u00a0\u00bb][vc_empty_space height=\u00a0\u00bb64px\u00a0\u00bb][\/vc_column][\/vc_row]<\/p>\n<\/div>","protected":false},"excerpt":{"rendered":"<p>[vc_row content_width=\u00a0\u00bbgrid\u00a0\u00bb][vc_column width=\u00a0\u00bb1\/2&Prime;][\/vc_column][vc_column width=\u00a0\u00bb1\/2&Prime;][vc_empty_space height=\u00a0\u00bb48&Prime;][vc_column_text]Le dipl\u00f4me de Chiropracteur est d\u00e9livr\u00e9 aux \u00e9tudiants ayant suivi un cursus de\u00a06 ann\u00e9es \u00e0 temps plein, bas\u00e9 sur les\u00a0standards \u00e9ducatifs internationaux. La chiropraxie est une des rares&#8230;<\/p>\n","protected":false},"author":1,"featured_media":0,"parent":684,"menu_order":0,"comment_status":"closed","ping_status":"closed","template":"full-width.php","meta":{"footnotes":""},"class_list":["post-3762","page","type-page","status-publish","hentry"],"_links":{"self":[{"href":"https:\/\/etrebien44.fr\/index.php\/wp-json\/wp\/v2\/pages\/3762","targetHints":{"allow":["GET"]}}],"collection":[{"href":"https:\/\/etrebien44.fr\/index.php\/wp-json\/wp\/v2\/pages"}],"about":[{"href":"https:\/\/etrebien44.fr\/index.php\/wp-json\/wp\/v2\/types\/page"}],"author":[{"embeddable":true,"href":"https:\/\/etrebien44.fr\/index.php\/wp-json\/wp\/v2\/users\/1"}],"replies":[{"embeddable":true,"href":"https:\/\/etrebien44.fr\/index.php\/wp-json\/wp\/v2\/comments?post=3762"}],"version-history":[{"count":27,"href":"https:\/\/etrebien44.fr\/index.php\/wp-json\/wp\/v2\/pages\/3762\/revisions"}],"predecessor-version":[{"id":4767,"href":"https:\/\/etrebien44.fr\/index.php\/wp-json\/wp\/v2\/pages\/3762\/revisions\/4767"}],"up":[{"embeddable":true,"href":"https:\/\/etrebien44.fr\/index.php\/wp-json\/wp\/v2\/pages\/684"}],"wp:attachment":[{"href":"https:\/\/etrebien44.fr\/index.php\/wp-json\/wp\/v2\/media?parent=3762"}],"curies":[{"name":"wp","href":"https:\/\/api.w.org\/{rel}","templated":true}]}}