{"id":3825,"date":"2019-02-04T17:19:05","date_gmt":"2019-02-04T16:19:05","guid":{"rendered":"http:\/\/etrebien44.fr\/?page_id=3825"},"modified":"2019-02-04T17:27:51","modified_gmt":"2019-02-04T16:27:51","slug":"comment-se-deroule-la-consultation","status":"publish","type":"page","link":"https:\/\/etrebien44.fr\/index.php\/comment-se-deroule-la-consultation\/","title":{"rendered":"Comment se d\u00e9roule la consultation ?"},"content":{"rendered":"<div class=\"wpb-content-wrapper\"><p>[vc_row content_width=\u00a0\u00bbgrid\u00a0\u00bb css=\u00a0\u00bb.vc_custom_1549278309693{border-top-width: 1px !important;border-right-width: 0px !important;border-bottom-width: 1px !important;border-left-width: 0px !important;padding-top: 70px !important;padding-bottom: 80px !important;border-left-color: #f2f2f2 !important;border-left-style: solid !important;border-right-color: #f2f2f2 !important;border-right-style: solid !important;border-top-color: #f2f2f2 !important;border-top-style: solid !important;border-bottom-color: #f2f2f2 !important;border-bottom-style: solid !important;}\u00a0\u00bb][vc_column width=\u00a0\u00bb1\/12&Prime; offset=\u00a0\u00bbvc_col-lg-6 vc_col-md-12&Prime;]<div class=\"mkdf-animations-holder mkdf-element-from-left\" data-animation=\"mkdf-element-from-left\">\n\t<div style=\"transition-delay: 200ms;-webkit-animation-delay: 200ms;animation-delay: 200ms;animation-duration: 700ms;-webkit-animation-duration: 700ms;-moz-animation-duration: 700ms\">\n\t\t[vc_single_image image=\u00a0\u00bb3830&Prime; img_size=\u00a0\u00bb300&#215;400&Prime; alignment=\u00a0\u00bbcenter\u00a0\u00bb]\t<\/div>\n\n<\/div>[vc_empty_space][\/vc_column][vc_column width=\u00a0\u00bb11\/12&Prime; offset=\u00a0\u00bbvc_col-lg-6 vc_col-md-12&Prime;]<div class=\"mkdf-section-title-holder\">\n\t<h2 class=\"mkdf-section-title mkdf-section-title-medium\" style=\"text-align: left\">\n\tEtape 1 - D\u00e9tecter<\/h2>\n<\/div>[vc_column_text]<strong>Le chiropracteur<\/strong>\u00a0commence par vous<strong>\u00a0interroger sur votre sant\u00e9, vos ant\u00e9c\u00e9dents m\u00e9dicaux et sur les raisons de votre consultation.<\/strong><\/p>\n<p>Il s\u2019int\u00e9resse \u00e9galement \u00e0 ce qui, dans vos\u00a0<strong>conditions de vie et de travail, peut favoriser l\u2019\u00e9mergence de troubles.<\/strong><\/p>\n<p>Il effectue ensuite un\u00a0<strong>examen physique<\/strong>\u00a0et peut, si besoin, solliciter des examens compl\u00e9mentaires, radiologiques notamment.<\/p>\n<p>Sur cette base, le chiropracteur d\u00e9finit son<strong>\u00a0plan de traitement et vous indique le nombre de consultations qu\u2019il juge n\u00e9cessaire \u00e0 l\u2019am\u00e9lioration de votre \u00e9tat.<\/strong>[\/vc_column_text][\/vc_column][\/vc_row][vc_row content_width=\u00a0\u00bbgrid\u00a0\u00bb css=\u00a0\u00bb.vc_custom_1549278313653{border-top-width: 1px !important;border-right-width: 0px !important;border-bottom-width: 1px !important;border-left-width: 0px !important;padding-top: 70px !important;padding-bottom: 80px !important;background-color: #fafafa !important;border-left-color: #f2f2f2 !important;border-left-style: solid !important;border-right-color: #f2f2f2 !important;border-right-style: solid !important;border-top-color: #f2f2f2 !important;border-top-style: solid !important;border-bottom-color: #f2f2f2 !important;border-bottom-style: solid !important;}\u00a0\u00bb][vc_column width=\u00a0\u00bb1\/12&Prime; offset=\u00a0\u00bbvc_col-lg-6 vc_col-md-12&Prime;]<div class=\"mkdf-animations-holder mkdf-element-from-left\" data-animation=\"mkdf-element-from-left\">\n\t<div style=\"transition-delay: 200ms;-webkit-animation-delay: 200ms;animation-delay: 200ms;animation-duration: 700ms;-webkit-animation-duration: 700ms;-moz-animation-duration: 700ms\">\n\t\t[vc_single_image image=\u00a0\u00bb3831&Prime; img_size=\u00a0\u00bb300&#215;400&Prime; alignment=\u00a0\u00bbcenter\u00a0\u00bb]\t<\/div>\n\n<\/div>[vc_empty_space][\/vc_column][vc_column width=\u00a0\u00bb11\/12&Prime; offset=\u00a0\u00bbvc_col-lg-6 vc_col-md-12&Prime;]<div class=\"mkdf-section-title-holder\">\n\t<h2 class=\"mkdf-section-title mkdf-section-title-medium\" style=\"text-align: left\">\n\tEtape 2 - Corriger<\/h2>\n<\/div>[vc_column_text]<strong>Le chiropracteur intervient manuellement<\/strong>\u00a0et r\u00e9alise des actes de\u00a0<strong>manipulation de la colonne vert\u00e9brale et des articulations<\/strong>\u00a0(dits ajustements chiropratiques).<\/p>\n<p>Le chiropracteur intervient \u00e9galement sur<strong>\u00a0les tissus mous<\/strong>\u00a0(muscles, tendons et ligaments).<\/p>\n<p>Il peut aussi avoir recours \u00e0 des tables et appareils sp\u00e9cialis\u00e9s.[\/vc_column_text][\/vc_column][\/vc_row][vc_row content_width=\u00a0\u00bbgrid\u00a0\u00bb css=\u00a0\u00bb.vc_custom_1549278318972{border-top-width: 1px !important;border-right-width: 0px !important;border-bottom-width: 1px !important;border-left-width: 0px !important;padding-top: 70px !important;padding-bottom: 80px !important;border-left-color: #f2f2f2 !important;border-left-style: solid !important;border-right-color: #f2f2f2 !important;border-right-style: solid !important;border-top-color: #f2f2f2 !important;border-top-style: solid !important;border-bottom-color: #f2f2f2 !important;border-bottom-style: solid !important;}\u00a0\u00bb][vc_column width=\u00a0\u00bb1\/12&Prime; offset=\u00a0\u00bbvc_col-lg-6 vc_col-md-12&Prime;]<div class=\"mkdf-animations-holder mkdf-element-from-left\" data-animation=\"mkdf-element-from-left\">\n\t<div style=\"transition-delay: 200ms;-webkit-animation-delay: 200ms;animation-delay: 200ms;animation-duration: 700ms;-webkit-animation-duration: 700ms;-moz-animation-duration: 700ms\">\n\t\t[vc_single_image image=\u00a0\u00bb3832&Prime; img_size=\u00a0\u00bb300&#215;400&Prime; alignment=\u00a0\u00bbcenter\u00a0\u00bb]\t<\/div>\n\n<\/div>[vc_empty_space][\/vc_column][vc_column width=\u00a0\u00bb11\/12&Prime; offset=\u00a0\u00bbvc_col-lg-6 vc_col-md-12&Prime;]<div class=\"mkdf-section-title-holder\">\n\t<h2 class=\"mkdf-section-title mkdf-section-title-medium\" style=\"text-align: left\">\n\tEtape 3 - Pr\u00e9venir<\/h2>\n<\/div>[vc_column_text]<strong>Le chiropracteur\u00a0<\/strong>peut \u00e9galement vous donner des\u00a0<strong>conseils en termes de postures, de nutrition ou d\u2019hygi\u00e8ne de vie<\/strong>\u00a0de nature \u00e0 renforcer l\u2019efficacit\u00e9 du traitement.[\/vc_column_text][\/vc_column][\/vc_row][vc_row content_width=\u00a0\u00bbgrid\u00a0\u00bb css=\u00a0\u00bb.vc_custom_1549278325197{border-top-width: 1px !important;border-right-width: 0px !important;border-bottom-width: 1px !important;border-left-width: 0px !important;padding-top: 70px !important;padding-bottom: 80px !important;background-color: #fafafa !important;border-left-color: #f2f2f2 !important;border-left-style: solid !important;border-right-color: #f2f2f2 !important;border-right-style: solid !important;border-top-color: #f2f2f2 !important;border-top-style: solid !important;border-bottom-color: #f2f2f2 !important;border-bottom-style: solid !important;}\u00a0\u00bb][vc_column width=\u00a0\u00bb1\/12&Prime; offset=\u00a0\u00bbvc_col-lg-6 vc_col-md-12&Prime;]<div class=\"mkdf-animations-holder mkdf-element-from-left\" data-animation=\"mkdf-element-from-left\">\n\t<div style=\"transition-delay: 200ms;-webkit-animation-delay: 200ms;animation-delay: 200ms;animation-duration: 700ms;-webkit-animation-duration: 700ms;-moz-animation-duration: 700ms\">\n\t\t[vc_single_image image=\u00a0\u00bb3833&Prime; img_size=\u00a0\u00bbfull\u00a0\u00bb alignment=\u00a0\u00bbcenter\u00a0\u00bb]\t<\/div>\n\n<\/div>[vc_empty_space][\/vc_column][vc_column width=\u00a0\u00bb11\/12&Prime; offset=\u00a0\u00bbvc_col-lg-6 vc_col-md-12&Prime;]<div class=\"mkdf-section-title-holder\">\n\t<h2 class=\"mkdf-section-title mkdf-section-title-medium\" style=\"text-align: left\">\n\tPrise en charge - Mutuelles<\/h2>\n<\/div>[vc_column_text]De nombreuses mutuelles assurent un remboursement partiel des soins.<\/p>\n<p>Pour plus d&rsquo;informations, vous pouvez consulter\u00a0<a href=\"http:\/\/www.chiropraxie.com\/mutuelles\/\" target=\"_blank\" rel=\"noopener\">le site de l&rsquo;Association Fran\u00e7aise de Chiropratique.<\/a>[\/vc_column_text][\/vc_column][\/vc_row][vc_row][vc_column][vc_empty_space][\/vc_column][\/vc_row]<\/p>\n<\/div>","protected":false},"excerpt":{"rendered":"<p>[vc_row content_width=\u00a0\u00bbgrid\u00a0\u00bb css=\u00a0\u00bb.vc_custom_1549278309693{border-top-width: 1px !important;border-right-width: 0px !important;border-bottom-width: 1px !important;border-left-width: 0px !important;padding-top: 70px !important;padding-bottom: 80px !important;border-left-color: #f2f2f2 !important;border-left-style: solid !important;border-right-color: #f2f2f2 !important;border-right-style: solid !important;border-top-color: #f2f2f2 !important;border-top-style: solid !important;border-bottom-color: #f2f2f2 !important;border-bottom-style: solid !important;}\u00a0\u00bb][vc_column width=\u00a0\u00bb1\/12&Prime;&#8230;<\/p>\n","protected":false},"author":1,"featured_media":0,"parent":0,"menu_order":0,"comment_status":"closed","ping_status":"closed","template":"full-width.php","meta":{"footnotes":""},"class_list":["post-3825","page","type-page","status-publish","hentry"],"_links":{"self":[{"href":"https:\/\/etrebien44.fr\/index.php\/wp-json\/wp\/v2\/pages\/3825","targetHints":{"allow":["GET"]}}],"collection":[{"href":"https:\/\/etrebien44.fr\/index.php\/wp-json\/wp\/v2\/pages"}],"about":[{"href":"https:\/\/etrebien44.fr\/index.php\/wp-json\/wp\/v2\/types\/page"}],"author":[{"embeddable":true,"href":"https:\/\/etrebien44.fr\/index.php\/wp-json\/wp\/v2\/users\/1"}],"replies":[{"embeddable":true,"href":"https:\/\/etrebien44.fr\/index.php\/wp-json\/wp\/v2\/comments?post=3825"}],"version-history":[{"count":5,"href":"https:\/\/etrebien44.fr\/index.php\/wp-json\/wp\/v2\/pages\/3825\/revisions"}],"predecessor-version":[{"id":3836,"href":"https:\/\/etrebien44.fr\/index.php\/wp-json\/wp\/v2\/pages\/3825\/revisions\/3836"}],"wp:attachment":[{"href":"https:\/\/etrebien44.fr\/index.php\/wp-json\/wp\/v2\/media?parent=3825"}],"curies":[{"name":"wp","href":"https:\/\/api.w.org\/{rel}","templated":true}]}}