{"id":4775,"date":"2020-11-09T11:07:07","date_gmt":"2020-11-09T10:07:07","guid":{"rendered":"http:\/\/etrebien44.fr\/?page_id=4775"},"modified":"2020-11-09T19:50:20","modified_gmt":"2020-11-09T18:50:20","slug":"stage-2020","status":"publish","type":"page","link":"https:\/\/etrebien44.fr\/index.php\/stage-2020\/","title":{"rendered":"Stage de ressourcement 2020"},"content":{"rendered":"<p style=\"text-align: center;\">Le Stage de ressourcement s&rsquo;est d\u00e9roul\u00e9 du 18 au 24 juillet, au sein du Domaine Eco-Sant\u00e9 de Saint-F\u00e9lix, un lieu propice \u00e0 la d\u00e9tente et au ressourcement.<\/p>\n<p><a href=\"https:\/\/etrebien44.fr\/wp-content\/uploads\/2020\/11\/IMG-20200718-WA0003.jpg\"><img loading=\"lazy\" decoding=\"async\" class=\"aligncenter wp-image-4783\" src=\"https:\/\/etrebien44.fr\/wp-content\/uploads\/2020\/11\/IMG-20200718-WA0003-1024x768.jpg\" alt=\"\" width=\"702\" height=\"527\" srcset=\"https:\/\/etrebien44.fr\/wp-content\/uploads\/2020\/11\/IMG-20200718-WA0003-1024x768.jpg 1024w, https:\/\/etrebien44.fr\/wp-content\/uploads\/2020\/11\/IMG-20200718-WA0003-300x225.jpg 300w, https:\/\/etrebien44.fr\/wp-content\/uploads\/2020\/11\/IMG-20200718-WA0003-768x576.jpg 768w, https:\/\/etrebien44.fr\/wp-content\/uploads\/2020\/11\/IMG-20200718-WA0003-1536x1152.jpg 1536w, https:\/\/etrebien44.fr\/wp-content\/uploads\/2020\/11\/IMG-20200718-WA0003-800x600.jpg 800w, https:\/\/etrebien44.fr\/wp-content\/uploads\/2020\/11\/IMG-20200718-WA0003.jpg 1600w\" sizes=\"auto, (max-width: 702px) 100vw, 702px\" \/><\/a><\/p>\n<p>&nbsp;<\/p>\n<p>Le matin, Sylvie Mugard, naturopathe nous proposait une conf\u00e9rence de naturopathie.<\/p>\n<p>On a pu ainsi y d\u00e9couvrir de nombreux fondements de cette pratique tel que la d\u00e9tox, la revitalisation, l&rsquo;hydrologie, le je\u00fbne, et de nombreuses recettes naturo pour apprendre \u00e0 s&rsquo;alimenter de fa\u00e7on \u00e0 permettre \u00e0 son corps un fonctionnement optimal !<\/p>\n<p><a href=\"https:\/\/etrebien44.fr\/wp-content\/uploads\/2020\/11\/IMG-20200719-WA0000.jpg\"><img loading=\"lazy\" decoding=\"async\" class=\"aligncenter wp-image-4784\" src=\"https:\/\/etrebien44.fr\/wp-content\/uploads\/2020\/11\/IMG-20200719-WA0000-1024x768.jpg\" alt=\"\" width=\"704\" height=\"528\" srcset=\"https:\/\/etrebien44.fr\/wp-content\/uploads\/2020\/11\/IMG-20200719-WA0000-1024x768.jpg 1024w, https:\/\/etrebien44.fr\/wp-content\/uploads\/2020\/11\/IMG-20200719-WA0000-300x225.jpg 300w, https:\/\/etrebien44.fr\/wp-content\/uploads\/2020\/11\/IMG-20200719-WA0000-768x576.jpg 768w, https:\/\/etrebien44.fr\/wp-content\/uploads\/2020\/11\/IMG-20200719-WA0000-1536x1152.jpg 1536w, https:\/\/etrebien44.fr\/wp-content\/uploads\/2020\/11\/IMG-20200719-WA0000-800x600.jpg 800w, https:\/\/etrebien44.fr\/wp-content\/uploads\/2020\/11\/IMG-20200719-WA0000.jpg 1600w\" sizes=\"auto, (max-width: 704px) 100vw, 704px\" \/><\/a><\/p>\n<p>&nbsp;<\/p>\n<p>Les temps libres \u00e9taient mis au profit du repos, des balades, de la danse, du chant et du partage !<\/p>\n<p><a href=\"https:\/\/etrebien44.fr\/wp-content\/uploads\/2020\/11\/IMG-20200719-WA0006.jpg\"><img loading=\"lazy\" decoding=\"async\" class=\"aligncenter wp-image-4787\" src=\"https:\/\/etrebien44.fr\/wp-content\/uploads\/2020\/11\/IMG-20200719-WA0006-1024x768.jpg\" alt=\"\" width=\"739\" height=\"554\" srcset=\"https:\/\/etrebien44.fr\/wp-content\/uploads\/2020\/11\/IMG-20200719-WA0006-1024x768.jpg 1024w, https:\/\/etrebien44.fr\/wp-content\/uploads\/2020\/11\/IMG-20200719-WA0006-300x225.jpg 300w, https:\/\/etrebien44.fr\/wp-content\/uploads\/2020\/11\/IMG-20200719-WA0006-768x576.jpg 768w, https:\/\/etrebien44.fr\/wp-content\/uploads\/2020\/11\/IMG-20200719-WA0006-1536x1152.jpg 1536w, https:\/\/etrebien44.fr\/wp-content\/uploads\/2020\/11\/IMG-20200719-WA0006-800x600.jpg 800w, https:\/\/etrebien44.fr\/wp-content\/uploads\/2020\/11\/IMG-20200719-WA0006.jpg 1600w\" sizes=\"auto, (max-width: 739px) 100vw, 739px\" \/><\/a><\/p>\n<p>Les nombreuses pratiques du Yoga nous ont permis de d\u00e9couvrir ses diff\u00e9rents aspects.<\/p>\n<p>Chaque participants a pu profiter des conseils personnalis\u00e9 de Genevi\u00e8ve Chouraqui, qui \u00e9tait attentive \u00e0 ce que chacun puisse pratiquer dans ses limites et en s\u00e9curit\u00e9.<\/p>\n<p><a href=\"https:\/\/etrebien44.fr\/wp-content\/uploads\/2020\/11\/IMG-20200724-WA0055.jpg\"><img loading=\"lazy\" decoding=\"async\" class=\"aligncenter wp-image-4792\" src=\"https:\/\/etrebien44.fr\/wp-content\/uploads\/2020\/11\/IMG-20200724-WA0055-1024x768.jpg\" alt=\"\" width=\"758\" height=\"569\" srcset=\"https:\/\/etrebien44.fr\/wp-content\/uploads\/2020\/11\/IMG-20200724-WA0055-1024x768.jpg 1024w, https:\/\/etrebien44.fr\/wp-content\/uploads\/2020\/11\/IMG-20200724-WA0055-300x225.jpg 300w, https:\/\/etrebien44.fr\/wp-content\/uploads\/2020\/11\/IMG-20200724-WA0055-768x576.jpg 768w, https:\/\/etrebien44.fr\/wp-content\/uploads\/2020\/11\/IMG-20200724-WA0055-1536x1152.jpg 1536w, https:\/\/etrebien44.fr\/wp-content\/uploads\/2020\/11\/IMG-20200724-WA0055-800x600.jpg 800w, https:\/\/etrebien44.fr\/wp-content\/uploads\/2020\/11\/IMG-20200724-WA0055.jpg 1600w\" sizes=\"auto, (max-width: 758px) 100vw, 758px\" \/><\/a><\/p>\n<p>&nbsp;<\/p>\n<p>La douceur du mois de juillet, nous a permis de profiter de l&rsquo;espace ext\u00e9rieur pour pratiquer, entre autres, la Sophrologie, gr\u00e2ce \u00e0 l&rsquo;accompagnement de Sylvie.<\/p>\n<p><a href=\"https:\/\/etrebien44.fr\/wp-content\/uploads\/2020\/11\/IMG-20200719-WA0009.jpg\"><img loading=\"lazy\" decoding=\"async\" class=\"aligncenter wp-image-4785\" src=\"https:\/\/etrebien44.fr\/wp-content\/uploads\/2020\/11\/IMG-20200719-WA0009-1024x768.jpg\" alt=\"\" width=\"758\" height=\"569\" srcset=\"https:\/\/etrebien44.fr\/wp-content\/uploads\/2020\/11\/IMG-20200719-WA0009-1024x768.jpg 1024w, https:\/\/etrebien44.fr\/wp-content\/uploads\/2020\/11\/IMG-20200719-WA0009-300x225.jpg 300w, https:\/\/etrebien44.fr\/wp-content\/uploads\/2020\/11\/IMG-20200719-WA0009-768x576.jpg 768w, https:\/\/etrebien44.fr\/wp-content\/uploads\/2020\/11\/IMG-20200719-WA0009-1536x1152.jpg 1536w, https:\/\/etrebien44.fr\/wp-content\/uploads\/2020\/11\/IMG-20200719-WA0009-800x600.jpg 800w, https:\/\/etrebien44.fr\/wp-content\/uploads\/2020\/11\/IMG-20200719-WA0009.jpg 1600w\" sizes=\"auto, (max-width: 758px) 100vw, 758px\" \/><\/a><\/p>\n<p>La proximit\u00e9 de la plage de Penestin, nous a permis des soir\u00e9es joyeuses, de baignade et de balades !<\/p>\n<p><a href=\"https:\/\/etrebien44.fr\/wp-content\/uploads\/2020\/11\/IMG-20200723-WA0026.jpg\"><img loading=\"lazy\" decoding=\"async\" class=\"aligncenter wp-image-4791\" src=\"https:\/\/etrebien44.fr\/wp-content\/uploads\/2020\/11\/IMG-20200723-WA0026.jpg\" alt=\"\" width=\"766\" height=\"575\" srcset=\"https:\/\/etrebien44.fr\/wp-content\/uploads\/2020\/11\/IMG-20200723-WA0026.jpg 1024w, https:\/\/etrebien44.fr\/wp-content\/uploads\/2020\/11\/IMG-20200723-WA0026-300x225.jpg 300w, https:\/\/etrebien44.fr\/wp-content\/uploads\/2020\/11\/IMG-20200723-WA0026-768x576.jpg 768w, https:\/\/etrebien44.fr\/wp-content\/uploads\/2020\/11\/IMG-20200723-WA0026-800x600.jpg 800w\" sizes=\"auto, (max-width: 766px) 100vw, 766px\" \/><\/a><\/p>\n<p>&nbsp;<\/p>\n<p style=\"text-align: center;\">Des participants combl\u00e9 et des organisateurs heureux !<\/p>\n<p><a href=\"https:\/\/etrebien44.fr\/wp-content\/uploads\/2020\/11\/IMG-20200721-WA0086.jpg\"><img loading=\"lazy\" decoding=\"async\" class=\"aligncenter wp-image-4789\" src=\"https:\/\/etrebien44.fr\/wp-content\/uploads\/2020\/11\/IMG-20200721-WA0086-768x1024.jpg\" alt=\"\" width=\"678\" height=\"904\" srcset=\"https:\/\/etrebien44.fr\/wp-content\/uploads\/2020\/11\/IMG-20200721-WA0086-768x1024.jpg 768w, https:\/\/etrebien44.fr\/wp-content\/uploads\/2020\/11\/IMG-20200721-WA0086-225x300.jpg 225w, https:\/\/etrebien44.fr\/wp-content\/uploads\/2020\/11\/IMG-20200721-WA0086-1152x1536.jpg 1152w, https:\/\/etrebien44.fr\/wp-content\/uploads\/2020\/11\/IMG-20200721-WA0086-600x800.jpg 600w, https:\/\/etrebien44.fr\/wp-content\/uploads\/2020\/11\/IMG-20200721-WA0086.jpg 1200w\" sizes=\"auto, (max-width: 678px) 100vw, 678px\" \/><\/a><\/p>\n<p>&nbsp;<\/p>\n","protected":false},"excerpt":{"rendered":"<p>Le Stage de ressourcement s&rsquo;est d\u00e9roul\u00e9 du 18 au 24 juillet, au sein du Domaine Eco-Sant\u00e9 de Saint-F\u00e9lix, un lieu propice \u00e0 la d\u00e9tente et au ressourcement. &nbsp; Le matin, Sylvie Mugard,&#8230;<\/p>\n","protected":false},"author":2,"featured_media":0,"parent":0,"menu_order":0,"comment_status":"closed","ping_status":"closed","template":"","meta":{"footnotes":""},"class_list":["post-4775","page","type-page","status-publish","hentry"],"_links":{"self":[{"href":"https:\/\/etrebien44.fr\/index.php\/wp-json\/wp\/v2\/pages\/4775","targetHints":{"allow":["GET"]}}],"collection":[{"href":"https:\/\/etrebien44.fr\/index.php\/wp-json\/wp\/v2\/pages"}],"about":[{"href":"https:\/\/etrebien44.fr\/index.php\/wp-json\/wp\/v2\/types\/page"}],"author":[{"embeddable":true,"href":"https:\/\/etrebien44.fr\/index.php\/wp-json\/wp\/v2\/users\/2"}],"replies":[{"embeddable":true,"href":"https:\/\/etrebien44.fr\/index.php\/wp-json\/wp\/v2\/comments?post=4775"}],"version-history":[{"count":5,"href":"https:\/\/etrebien44.fr\/index.php\/wp-json\/wp\/v2\/pages\/4775\/revisions"}],"predecessor-version":[{"id":4794,"href":"https:\/\/etrebien44.fr\/index.php\/wp-json\/wp\/v2\/pages\/4775\/revisions\/4794"}],"wp:attachment":[{"href":"https:\/\/etrebien44.fr\/index.php\/wp-json\/wp\/v2\/media?parent=4775"}],"curies":[{"name":"wp","href":"https:\/\/api.w.org\/{rel}","templated":true}]}}