{"id":5,"date":"2016-01-19T15:31:43","date_gmt":"2016-01-19T15:31:43","guid":{"rendered":"http:\/\/wellspring.mikado-themes.com\/?page_id=5"},"modified":"2024-11-21T15:26:39","modified_gmt":"2024-11-21T14:26:39","slug":"home-1","status":"publish","type":"page","link":"https:\/\/etrebien44.fr\/","title":{"rendered":"Accueil"},"content":{"rendered":"<div class=\"wpb-content-wrapper\"><p>[vc_row][vc_column][rev_slider_vc alias=\u00a0\u00bboriginal-home\u00a0\u00bb][\/vc_column][\/vc_row][vc_row content_width=\u00a0\u00bbgrid\u00a0\u00bb content_aligment=\u00a0\u00bbcenter\u00a0\u00bb css=\u00a0\u00bb.vc_custom_1453371194200{padding-top: 121px !important;}\u00a0\u00bb][vc_column]<div class=\"mkdf-section-title-holder\">\n\t<h2 class=\"mkdf-section-title mkdf-section-title-large\" style=\"text-align: center\">\n\tBienvenue au Domaine Eco-Sant\u00e9 de Saint-F\u00e9lix !<\/h2>\n<\/div><div class=\"mkdf-section-subtitle-holder mkdf-section-subtitle-center\" style=\"width: 58%\">\n\t<p style=\"text-align: center\" class=\"mkdf-section-subtitle\">Un lieu d'\u00e9change et de partage autour de la sant\u00e9 et du bien-\u00eatre, dans un \u00e9crin de nature, en Loire-Atlantique aux portes du parc de la Bri\u00e8re et de l'oc\u00e9an<\/p>\n<\/div>[\/vc_column][\/vc_row][vc_row][vc_column width=\u00a0\u00bb1\/2&Prime;]<div class=\"mkdf-animations-holder mkdf-element-from-fade\" data-animation=\"mkdf-element-from-fade\">\n\t<div style=\"transition-delay: 200ms;-webkit-animation-delay: 200ms;animation-delay: 200ms;animation-duration: 700ms;-webkit-animation-duration: 700ms;-moz-animation-duration: 700ms\">\n\t\t<div class=\"mkdf-iwt clearfix mkdf-iwt-icon-top mkdf-iwt-icon-tiny\">\n    <div class=\"mkdf-iwt-icon-holder\">\n                    <img loading=\"lazy\" decoding=\"async\" width=\"128\" height=\"128\" src=\"https:\/\/etrebien44.fr\/wp-content\/uploads\/2019\/07\/2315991-128.png\" class=\"attachment-full size-full\" alt=\"\" \/>            <\/div>\n    <div class=\"mkdf-iwt-content-holder\" >\n        <div class=\"mkdf-iwt-title-holder\">\n            <h5 style=\"text-transform: capitalize;font-weight: 700\">Consultation Chiropratique<\/h5>\n        <\/div>\n        <div class=\"mkdf-iwt-text-holder\">\n            <p >La chiropraxie, une th\u00e9rapie manuelle au service de votre sant\u00e9<\/p>\n\n                    <\/div>\n    <\/div>\n<\/div>\t<\/div>\n\n<\/div>[vc_empty_space height=\u00a0\u00bb40&Prime;][\/vc_column][vc_column width=\u00a0\u00bb1\/2&Prime;]<div class=\"mkdf-animations-holder mkdf-element-from-fade\" data-animation=\"mkdf-element-from-fade\">\n\t<div style=\"transition-delay: 400ms;-webkit-animation-delay: 400ms;animation-delay: 400ms;animation-duration: 700ms;-webkit-animation-duration: 700ms;-moz-animation-duration: 700ms\">\n\t\t<div class=\"mkdf-iwt clearfix mkdf-iwt-icon-top mkdf-iwt-icon-tiny\">\n    <div class=\"mkdf-iwt-icon-holder\">\n                    <img loading=\"lazy\" decoding=\"async\" width=\"128\" height=\"128\" src=\"https:\/\/etrebien44.fr\/wp-content\/uploads\/2019\/07\/309047-128.png\" class=\"attachment-full size-full\" alt=\"\" \/>            <\/div>\n    <div class=\"mkdf-iwt-content-holder\" >\n        <div class=\"mkdf-iwt-title-holder\">\n            <h5 style=\"text-transform: capitalize;font-weight: 700\">Activit\u00e9 bien \u00eatre<\/h5>\n        <\/div>\n        <div class=\"mkdf-iwt-text-holder\">\n            <p >Am\u00e9liorer ses connaissances sur la sant\u00e9 !<\/p>\n\n                    <\/div>\n    <\/div>\n<\/div>\t<\/div>\n\n<\/div>[vc_empty_space height=\u00a0\u00bb40&Prime;][\/vc_column][\/vc_row][vc_row content_width=\u00a0\u00bbgrid\u00a0\u00bb content_aligment=\u00a0\u00bbcenter\u00a0\u00bb css=\u00a0\u00bb.vc_custom_1563809646748{background-color: #fafafa !important;}\u00a0\u00bb][vc_column][vc_empty_space height=\u00a0\u00bb40&Prime;]<div class=\"mkdf-section-title-holder\">\n\t<h2 class=\"mkdf-section-title\" style=\"text-align: center\">\n\tQui sommes nous ?<\/h2>\n<\/div><div class=\"mkdf-section-subtitle-holder mkdf-section-subtitle-center\" >\n\t<p style=\"text-align: center\" class=\"mkdf-section-subtitle\">Cyril et Fanny co-fondateurs du Domaine Eco-Sant\u00e9 de Saint-F\u00e9lix s'engagent pleinement \u00e0 cr\u00e9er un lieu d'\u00e9change et de partage pour am\u00e9liorer toujours plus sa sant\u00e9 et son bien-\u00eatre dans un endroit familial, proche de la nature et rempli de s\u00e9r\u00e9nit\u00e9.<\/p>\n<\/div>[vc_empty_space height=\u00a0\u00bb40&Prime;]<div class=\"mkdf-section-subtitle-holder mkdf-section-subtitle-center\" >\n\t<p style=\"text-align: center\" class=\"mkdf-section-subtitle\">Fanny et Sonia, Chiropracteurs passionn\u00e9es, vous accueillent dans leurs cabinets afin de vous proposer des s\u00e9ances individuelles de Chiropraxie et ainsi traiter et pr\u00e9venir vos troubles neuro-musculo-squelettiques.<\/p>\n<\/div>[vc_empty_space height=\u00a0\u00bb64&Prime;][\/vc_column][\/vc_row][vc_row content_width=\u00a0\u00bbgrid\u00a0\u00bb content_aligment=\u00a0\u00bbcenter\u00a0\u00bb css=\u00a0\u00bb.vc_custom_1563810656012{background-color: #ffffff !important;}\u00a0\u00bb][vc_column width=\u00a0\u00bb1\/3&Prime;][vc_empty_space height=\u00a0\u00bb64&Prime;][vc_single_image image=\u00a0\u00bb4845&Prime; img_size=\u00a0\u00bbmedium\u00a0\u00bb alignment=\u00a0\u00bbcenter\u00a0\u00bb style=\u00a0\u00bbvc_box_outline_circle\u00a0\u00bb css_animation=\u00a0\u00bbfadeInLeft\u00a0\u00bb]<div class=\"mkdf-section-title-holder\">\n\t<h2 class=\"mkdf-section-title\" style=\"text-align: center\">\n\tFanny JOLY<\/h2>\n<\/div><div class=\"mkdf-section-subtitle-holder mkdf-section-subtitle-center\" >\n\t<p style=\"text-align: center\" class=\"mkdf-section-subtitle\">Chiropracteur - Co-fondateur<\/p>\n<\/div>[vc_column_text]Fanny est Chiropracteur humain et animalier.\u00a0 Enti\u00e8rement d\u00e9vou\u00e9e \u00e0 la sant\u00e9 de ses patients, elle ne cesse de se perfectionner dans de nombreux domaines.[\/vc_column_text][\/vc_column][vc_column width=\u00a0\u00bb1\/3&Prime;][vc_empty_space height=\u00a0\u00bb64&Prime;][vc_single_image image=\u00a0\u00bb4864&Prime; img_size=\u00a0\u00bbmedium\u00a0\u00bb alignment=\u00a0\u00bbcenter\u00a0\u00bb style=\u00a0\u00bbvc_box_outline_circle\u00a0\u00bb css_animation=\u00a0\u00bbfadeInDown\u00a0\u00bb]<div class=\"mkdf-section-title-holder\">\n\t<h2 class=\"mkdf-section-title\" style=\"text-align: center\">\n\tSonia FIEVET<\/h2>\n<\/div><div class=\"mkdf-section-subtitle-holder mkdf-section-subtitle-center\" >\n\t<p style=\"text-align: center\" class=\"mkdf-section-subtitle\">Chiropracteur<\/p>\n<\/div>[vc_column_text]Sonia est Chiropracteur. Depuis toujours elle place le bien-\u00eatre et l&rsquo;\u00e9coute au centre de sa pratique afin de tout mettre en oeuvre pour prendre soin de votre sant\u00e9[\/vc_column_text][\/vc_column][vc_column width=\u00a0\u00bb1\/3&Prime;][vc_empty_space height=\u00a0\u00bb64&Prime;][vc_single_image image=\u00a0\u00bb4696&Prime; img_size=\u00a0\u00bbmedium\u00a0\u00bb alignment=\u00a0\u00bbcenter\u00a0\u00bb style=\u00a0\u00bbvc_box_outline_circle\u00a0\u00bb css_animation=\u00a0\u00bbfadeInRight\u00a0\u00bb]<div class=\"mkdf-section-title-holder\">\n\t<h2 class=\"mkdf-section-title\" style=\"text-align: center\">\n\tCyril JOLY<\/h2>\n<\/div><div class=\"mkdf-section-subtitle-holder mkdf-section-subtitle-center\" >\n\t<p style=\"text-align: center\" class=\"mkdf-section-subtitle\">Co-fondateur<\/p>\n<\/div>[vc_column_text]Cyril est v\u00e9t\u00e9rinaire et exerce son m\u00e9tier avec passion. Au Domaine, il est la main \u00e0 tout faire sans qui rien ne pourrait fonctionner ![\/vc_column_text][\/vc_column][\/vc_row][vc_row content_width=\u00a0\u00bbgrid\u00a0\u00bb][vc_column][vc_empty_space height=\u00a0\u00bb64px\u00a0\u00bb][\/vc_column][\/vc_row]<\/p>\n<\/div>","protected":false},"excerpt":{"rendered":"<p>[vc_row][vc_column][rev_slider_vc alias=\u00a0\u00bboriginal-home\u00a0\u00bb][\/vc_column][\/vc_row][vc_row content_width=\u00a0\u00bbgrid\u00a0\u00bb content_aligment=\u00a0\u00bbcenter\u00a0\u00bb css=\u00a0\u00bb.vc_custom_1453371194200{padding-top: 121px !important;}\u00a0\u00bb][vc_column][\/vc_column][\/vc_row][vc_row][vc_column width=\u00a0\u00bb1\/2&Prime;][vc_empty_space height=\u00a0\u00bb40&Prime;][\/vc_column][vc_column width=\u00a0\u00bb1\/2&Prime;][vc_empty_space height=\u00a0\u00bb40&Prime;][\/vc_column][\/vc_row][vc_row content_width=\u00a0\u00bbgrid\u00a0\u00bb content_aligment=\u00a0\u00bbcenter\u00a0\u00bb css=\u00a0\u00bb.vc_custom_1563809646748{background-color: #fafafa !important;}\u00a0\u00bb][vc_column][vc_empty_space height=\u00a0\u00bb40&Prime;][vc_empty_space height=\u00a0\u00bb40&Prime;][vc_empty_space height=\u00a0\u00bb64&Prime;][\/vc_column][\/vc_row][vc_row content_width=\u00a0\u00bbgrid\u00a0\u00bb content_aligment=\u00a0\u00bbcenter\u00a0\u00bb css=\u00a0\u00bb.vc_custom_1563810656012{background-color: #ffffff !important;}\u00a0\u00bb][vc_column width=\u00a0\u00bb1\/3&Prime;][vc_empty_space height=\u00a0\u00bb64&Prime;][vc_single_image image=\u00a0\u00bb4845&Prime; img_size=\u00a0\u00bbmedium\u00a0\u00bb alignment=\u00a0\u00bbcenter\u00a0\u00bb style=\u00a0\u00bbvc_box_outline_circle\u00a0\u00bb css_animation=\u00a0\u00bbfadeInLeft\u00a0\u00bb][vc_column_text]Fanny est&#8230;<\/p>\n","protected":false},"author":1,"featured_media":0,"parent":0,"menu_order":0,"comment_status":"closed","ping_status":"closed","template":"full-width.php","meta":{"footnotes":""},"class_list":["post-5","page","type-page","status-publish","hentry"],"_links":{"self":[{"href":"https:\/\/etrebien44.fr\/index.php\/wp-json\/wp\/v2\/pages\/5","targetHints":{"allow":["GET"]}}],"collection":[{"href":"https:\/\/etrebien44.fr\/index.php\/wp-json\/wp\/v2\/pages"}],"about":[{"href":"https:\/\/etrebien44.fr\/index.php\/wp-json\/wp\/v2\/types\/page"}],"author":[{"embeddable":true,"href":"https:\/\/etrebien44.fr\/index.php\/wp-json\/wp\/v2\/users\/1"}],"replies":[{"embeddable":true,"href":"https:\/\/etrebien44.fr\/index.php\/wp-json\/wp\/v2\/comments?post=5"}],"version-history":[{"count":24,"href":"https:\/\/etrebien44.fr\/index.php\/wp-json\/wp\/v2\/pages\/5\/revisions"}],"predecessor-version":[{"id":4865,"href":"https:\/\/etrebien44.fr\/index.php\/wp-json\/wp\/v2\/pages\/5\/revisions\/4865"}],"wp:attachment":[{"href":"https:\/\/etrebien44.fr\/index.php\/wp-json\/wp\/v2\/media?parent=5"}],"curies":[{"name":"wp","href":"https:\/\/api.w.org\/{rel}","templated":true}]}}